{"id":15,"date":"2017-08-07T17:46:49","date_gmt":"2017-08-07T15:46:49","guid":{"rendered":"http:\/\/www.moowi.eu\/de\/?page_id=15"},"modified":"2017-08-21T16:31:42","modified_gmt":"2017-08-21T14:31:42","slug":"logopadie-material-handpuppen","status":"publish","type":"page","link":"https:\/\/www.moowi.eu\/de\/logopadie-material-handpuppen\/","title":{"rendered":"Logop\u00e4dische Hilfsmittel \u2013 Handpuppen"},"content":{"rendered":"<p><strong>Handpuppen<\/strong> sind ein hervorragendes <strong>logop\u00e4disches Hilfsmittel<\/strong>, das die Sprachtherapie unterst\u00fctzt. Sie eignen sich insbesondere ideal f\u00fcr \u00dcbungen der Artikulationsorgane und bei der Bildung von Lauten. Diese Puppen sind hervorragende Begleiter, die Mund- und Zungen\u00fcbungen unterst\u00fctzen. Sie sorgen daf\u00fcr, dass die Arbeit an der Artikulation nicht mehr langweilig und m\u00fchsam ist, denn Kinder ahmen gerne Handpuppen nach. Solche Puppen mit Mund und Z\u00e4hnen sind ein ausgezeichneter \u201eLehrer\u201d, der den Kindern die Bewegung der Sprechorgane zeigt.<br \/>\nDieses Spielzeug ist ein idealer \u201eAssistent\u201d f\u00fcr Logop\u00e4den, das \u00dcbungen interessant und spannend macht. Therapiepuppen helfen bei der Kontaktaufnahme und f\u00f6rdern spontanen Spa\u00df. Zudem unterst\u00fctzen sie die Entwicklung des Wortschatzes des Kindes, das Erz\u00e4hlen von Geschichten und die Dialogf\u00fchrung. Sie f\u00f6rdern die Zusammenarbeit und regen die Fantasie an.<\/p>\n<p><strong>F\u00fcr Logop\u00e4den, Lehrern von Kinderg\u00e4rten und Eltern <\/strong><br \/>\nHandpuppen sind ein Werkzeug, das der Logop\u00e4de in unterschiedlichen Bereichen bei der Arbeit mit Kindern nutzen kann: z.B. f\u00fcr Artikulations\u00fcbungen, Schluck\u00fcbungen, Nachahmen von Ger\u00e4uschen, Wiederholen von W\u00f6rtern, Lernen von Farben und Formen sowie beim Lesen lernen. Handpuppen k\u00f6nnen auch eine logop\u00e4dische Unterst\u00fctzung f\u00fcr Lehrer in Kinderg\u00e4rten sein, die sich ebenfalls mit der Verbesserung der Aussprache und der Erweiterung des Wortschatzes der Kinder befassen. Aber auch f\u00fcr Eltern sind solche Therapiepuppen eine hervorragende Hilfe, die das Kind zur regelm\u00e4\u00dfigen Arbeit und zur Ausf\u00fchrung von logop\u00e4dischen \u00dcbungen ermutigt.<\/p>\n<p>Handpuppen eignen sich zudem zur Therapiearbeit mit Kindern mit einer verz\u00f6gerten Sprachentwicklung, geistigen Behinderung, Autismus oder bei der Therapie von Redeunfl\u00fcssigkeit.<\/p>\n","protected":false},"excerpt":{"rendered":"<p>Handpuppen sind ein hervorragendes logop\u00e4disches Hilfsmittel, das die Sprachtherapie unterst\u00fctzt. Sie eignen sich insbesondere ideal f\u00fcr \u00dcbungen der Artikulationsorgane und bei der Bildung von Lauten. Diese Puppen sind hervorragende Begleiter, die Mund- und Zungen\u00fcbungen unterst\u00fctzen. Sie sorgen daf\u00fcr, dass die Arbeit an der Artikulation nicht mehr langweilig und m\u00fchsam ist, denn Kinder ahmen gerne Handpuppen [&hellip;]<\/p>\n","protected":false},"author":1,"featured_media":0,"parent":0,"menu_order":0,"comment_status":"closed","ping_status":"open","template":"","meta":{"footnotes":""},"class_list":["post-15","page","type-page","status-publish","hentry"],"_links":{"self":[{"href":"https:\/\/www.moowi.eu\/de\/wp-json\/wp\/v2\/pages\/15","targetHints":{"allow":["GET"]}}],"collection":[{"href":"https:\/\/www.moowi.eu\/de\/wp-json\/wp\/v2\/pages"}],"about":[{"href":"https:\/\/www.moowi.eu\/de\/wp-json\/wp\/v2\/types\/page"}],"author":[{"embeddable":true,"href":"https:\/\/www.moowi.eu\/de\/wp-json\/wp\/v2\/users\/1"}],"replies":[{"embeddable":true,"href":"https:\/\/www.moowi.eu\/de\/wp-json\/wp\/v2\/comments?post=15"}],"version-history":[{"count":5,"href":"https:\/\/www.moowi.eu\/de\/wp-json\/wp\/v2\/pages\/15\/revisions"}],"predecessor-version":[{"id":112,"href":"https:\/\/www.moowi.eu\/de\/wp-json\/wp\/v2\/pages\/15\/revisions\/112"}],"wp:attachment":[{"href":"https:\/\/www.moowi.eu\/de\/wp-json\/wp\/v2\/media?parent=15"}],"curies":[{"name":"wp","href":"https:\/\/api.w.org\/{rel}","templated":true}]}}