{"id":6,"date":"2017-08-07T17:17:07","date_gmt":"2017-08-07T15:17:07","guid":{"rendered":"http:\/\/www.moowi.eu\/de\/?page_id=6"},"modified":"2017-08-10T12:23:07","modified_gmt":"2017-08-10T10:23:07","slug":"herzlich-willkommen","status":"publish","type":"page","link":"https:\/\/www.moowi.eu\/de\/","title":{"rendered":"Herzlich willkommen!"},"content":{"rendered":"<p><img loading=\"lazy\" decoding=\"async\" class=\"alignleft size-full wp-image-7\" src=\"https:\/\/www.moowi.eu\/de\/wp-content\/uploads\/2017\/08\/Moowi-therapiematerial-logop\u00e4die-300x210.jpg\" alt=\"\" width=\"300\" height=\"210\" \/>Die Handpuppen von Moowi <strong>unterst\u00fctzen die logop\u00e4dische Therapie<\/strong>, die daf\u00fcr sorgen, dass Mund- und Zungen\u00fcbungen nicht mehr langweilig sind. Sie sind ein hervorragendes Therapiematerial f\u00fcr <strong>Logop\u00e4den, Lehrer in Kinderg\u00e4rten, P\u00e4dagogen und Therapeuten<\/strong> als auch <strong>Eltern<\/strong>, also f\u00fcr alle, f\u00fcr die die Sprachentwicklung des Kindes wichtig ist. Diese Puppen ermutigen Kinder zur Arbeit und werden zum engen Begleiter beim logop\u00e4dischen Unterricht, wie beispielsweise bei Sprachspielen. Sie zeigen, dass <strong>\u00dcbungen Spa\u00df machen k\u00f6nnen<\/strong> \u2013 und zu einem interessanten, bunten und wirksamen Spiel zur Sprachf\u00f6rderung werden. Unsere Handpuppen heben sich zudem durch ihr qualitativ hochwertiges Material und eine sorgf\u00e4ltige Ausf\u00fchrung des Mundes (Zunge und Z\u00e4hne) hervor, so dass die Puppen \u00e4sthetisch aussehen, funktional und strapazierf\u00e4hig sind.<\/p>\n<p>Wir w\u00fcnschen Ihnen viel Spa\u00df und Erfolg!<\/p>\n","protected":false},"excerpt":{"rendered":"<p>Die Handpuppen von Moowi unterst\u00fctzen die logop\u00e4dische Therapie, die daf\u00fcr sorgen, dass Mund- und Zungen\u00fcbungen nicht mehr langweilig sind. Sie sind ein hervorragendes Therapiematerial f\u00fcr Logop\u00e4den, Lehrer in Kinderg\u00e4rten, P\u00e4dagogen und Therapeuten als auch Eltern, also f\u00fcr alle, f\u00fcr die die Sprachentwicklung des Kindes wichtig ist. Diese Puppen ermutigen Kinder zur Arbeit und werden zum [&hellip;]<\/p>\n","protected":false},"author":1,"featured_media":0,"parent":0,"menu_order":0,"comment_status":"closed","ping_status":"open","template":"","meta":{"footnotes":""},"class_list":["post-6","page","type-page","status-publish","hentry"],"_links":{"self":[{"href":"https:\/\/www.moowi.eu\/de\/wp-json\/wp\/v2\/pages\/6","targetHints":{"allow":["GET"]}}],"collection":[{"href":"https:\/\/www.moowi.eu\/de\/wp-json\/wp\/v2\/pages"}],"about":[{"href":"https:\/\/www.moowi.eu\/de\/wp-json\/wp\/v2\/types\/page"}],"author":[{"embeddable":true,"href":"https:\/\/www.moowi.eu\/de\/wp-json\/wp\/v2\/users\/1"}],"replies":[{"embeddable":true,"href":"https:\/\/www.moowi.eu\/de\/wp-json\/wp\/v2\/comments?post=6"}],"version-history":[{"count":1,"href":"https:\/\/www.moowi.eu\/de\/wp-json\/wp\/v2\/pages\/6\/revisions"}],"predecessor-version":[{"id":8,"href":"https:\/\/www.moowi.eu\/de\/wp-json\/wp\/v2\/pages\/6\/revisions\/8"}],"wp:attachment":[{"href":"https:\/\/www.moowi.eu\/de\/wp-json\/wp\/v2\/media?parent=6"}],"curies":[{"name":"wp","href":"https:\/\/api.w.org\/{rel}","templated":true}]}}