{"id":9,"date":"2017-08-07T17:29:36","date_gmt":"2017-08-07T15:29:36","guid":{"rendered":"http:\/\/www.moowi.eu\/de\/?page_id=9"},"modified":"2017-08-21T09:38:26","modified_gmt":"2017-08-21T07:38:26","slug":"geschaftsbedingungen","status":"publish","type":"page","link":"https:\/\/www.moowi.eu\/de\/geschaftsbedingungen\/","title":{"rendered":"Gesch\u00e4ftsbedingungen"},"content":{"rendered":"<p>1. Der Onlineshop Moowi.eu mit der Webadresse www.moowi.eu, der von der Firma PRS Group Andrzej Sowula mit Sitz in der ul. Wodna 30\/3,30-719 Krak\u00f3w, Polen betrieben wird, ist in das vom B\u00fcrgermeister der Stadt Krakau gef\u00fchrte Gewerberegister unter der Gewerbenummer: 913\/2004, Steueridentifikationsnummer (NIP): PL813-288-79-49 und REGON-Nummer: 691757972 eingetragen.<\/p>\n<p>2. Der Shop Moowi.eu befasst sich mit dem Verkauf von Produkten mithilfe des Internets.<\/p>\n<p>3. Bestellungen werden \u00fcber das Internet aufgenommen. Um eine Bestellung aufzugeben, ist ein Bestellformular auszuf\u00fcllen. Nachdem die Bestellung aufgegeben wurde, wird an den K\u00e4ufer eine E-Mail-Nachricht versandt mit der Information, dass der Shop die Bestellung erhalten hat.<\/p>\n<p>4. Die Bestellabwicklung erfolgt zum Zeitpunkt, wenn der K\u00e4ufer die Bestellaufgabe best\u00e4tigt, indem er auf das Feld \u201eBestellung best\u00e4tigen\u201d klickt. Dieses Feld befindet sich auf der letzten Seite auf der Webseite des Shops Moowi.eu, die den Bestellvorgang im Online-Shop beendet.<\/p>\n<p>5. Zum Zeitpunkt der Best\u00e4tigung durch den K\u00e4ufer der von ihm aufgegebenen Bestellung kommt es zu einem Vertragsabschluss zwischen dem Verk\u00e4ufer und dem K\u00e4ufer. Der Vertragsgenstand ist die in der Bestellung angegebene Ware. Die Rechte und Pflichten der Parteien, die sich aus dem abgeschlossenen Vertrag ergeben, werden vom Gesetz des polnischen Zivilgesetzbuches vom 23. April 1964 (Gesetzblatt von 1964, Nr. 16, St. 93 mit sp\u00e4teren \u00c4nderungen) sowie dem Verbraucherschutzgesetz vom 30. Mai 2014 geregelt.<\/p>\n<p>6. Der Kaufvertrag \u00fcber Waren wird in \u00dcbereinstimmung mit dem polnischen Recht und in polnischer Sprache abgeschlossen.<\/p>\n<p>7. Das im Falle von Streitigkeiten, die sich aus dem Kaufvertrag ergeben zust\u00e4ndige Gericht ist das \u00f6rtlich f\u00fcr den Sitz des Beklagten oder f\u00fcr den Ausf\u00fchrungsort des Vertrags zust\u00e4ndige Gericht.<\/p>\n<p>8. Bei Nichtverf\u00fcgbarkeit eines Teils der Ware, die die Bestellung umfasst, wird der K\u00e4ufer dar\u00fcber umgehend informiert. Der K\u00e4ufer entscheidet, ob nur ein Teil der Bestellung abgewickelt oder ob die gesamte Bestellung storniert werden soll.<\/p>\n<p>9. Im Falle von Sonderangeboten und Schlussverk\u00e4ufen ist eine begrenzte Menge von Produkten davon betroffen. Die Bestellabwicklung erfolgt in der Reihenfolge der eingegangenen best\u00e4tigten Bestellungen bis zur Ersch\u00f6pfung der Best\u00e4nde, die das Angebot umfassen.<\/p>\n<p>10. Alle Preise sin in Euro angegeben und verstehen sich inklusive der gesetzlichen Mehrwertsteuer. Der f\u00fcr jede Ware angegebene Preis ist zum Zeitpunkt der Bestellaufgabe durch den K\u00e4ufer bindend. Der Shop beh\u00e4lt sich das Recht vor, die Preise der angebotenen Ware zu \u00e4ndern, neue Produkte in den Onlineshop einzuf\u00fchren, Angebotsaktionen auf den Webseiten des Shops durchzuf\u00fchren und einzustellen sowie auf den Webseiten des Shops \u00c4nderungen vorzunehmen.<\/p>\n<p>11. Der K\u00e4ufer kann f\u00fcr die bestellte Ware eine der folgenden Zahlungsformen w\u00e4hlen:<\/p>\n<p>\u2013 Bank\u00fcberweisung auf das Konto des Shops<br \/>\n\u2013 \u00dcberweisung mithilfe von PayPal<\/p>\n<p>12. Wir informieren, dass die im Bestellformular des Onlineshops Moowi.eu angegebenen personenbezogenen Daten gem\u00e4\u00df dem Datenschutzgesetz vom 29. August 1997 (Gesetzblatt von 2002, Nr. 101, St. 926 mit sp\u00e4teren \u00c4nderungen) gespeichert und verarbeitet werden. Die gespeicherten personenbezogenen Daten werden ausschlie\u00dflich zur Abwicklung der aufgegebenen Bestellungen und zur Benachrichtigung \u00fcber Angebote verwendet und werden keinesfalls Dritten zug\u00e4nglich gemacht. Jedem Kunden unseres Shops steht das Recht zu, Einsicht in seine personenbezogenen Daten zu erhalten, sie zu \u00e4ndern oder sie aus unserer Datenbank zu l\u00f6schen. Erfahren Sie mehr \u00fcber unsere Datenschutzerkl\u00e4rung.<\/p>\n<p><a name=\"shipping\"><\/a><br \/>\n13. <strong>Lieferung der Ware<\/strong><br \/>\nDie Bestellabwicklung betr\u00e4gt ca. 4-10 Tage. Die bestellte Ware wird in Polen mithilfe der Poczta Polska oder einem Kurierdienst verschickt.<\/p>\n<p>Lieferkosten:<\/p>\n<p>6 Euro \u2013 Einschreiben (Poczta Polska)<br \/>\n11 Euro \u2013 Kurierdienst (Poczta Polska)<\/p>\n<p><a name=\"returns\"><\/a><br \/>\n14. <strong>Warenr\u00fcckgabe<\/strong>. Dem K\u00e4ufer steht das Recht zu, innerhalb von 14 Tagen ab Annahme der Sendung die in unserem Shop gekaufte Ware ohne Begr\u00fcndung zur\u00fcckzugeben. Dies ist nur dann m\u00f6glich, wenn die Ware keine Gebrauchsspuren hat, vollst\u00e4ndig ist und auf keine Weise besch\u00e4digt wurde. Die Ware, die der K\u00e4ufer zur\u00fcckgeben m\u00f6chte, ist zusammen mit der erhaltenen Rechnung oder Quittung zur\u00fcckzusenden. Der Verk\u00e4ufer erstattet den gesamten vom K\u00e4ufer erhaltenen Betrag, darunter auch die Lieferkosten (mit Ausnahme von zus\u00e4tzlichen Kosten, die sich aus der vom Kunden gew\u00e4hlten Zahlungsform ergeben und h\u00f6her sind, als die g\u00fcnstigste vom Verk\u00e4ufer angebotene Standardlieferung). Um vom in unserem Shop abgeschlossenen Vertrag zur\u00fcckzutreten, ist dem Verk\u00e4ufer eine entsprechende Willenserkl\u00e4rung abzugeben, die an die E-Mail-Adresse: info@moowi.eu zu senden ist. Der K\u00e4ufer kann das unten angegebene Muster f\u00fcr den R\u00fccktritt vom Kaufverkauf verwenden.<\/p>\n<p>Die Ware ist an die folgende Adresse zu senden: ul. Wodna 30\/3, 30-719 Krak\u00f3w, Polen.<\/p>\n<p>Die Kosten werden innerhalb von 5 Werktagen per Bank\u00fcberweisung auf das vom K\u00e4ufer angegebene Bankkonto oder per Post\u00fcberweisung an die in der Bestellung angegebene Adresse zur\u00fcckerstattet. Die Kosten f\u00fcr den R\u00fcckversand werden nicht erstattet.<\/p>\n<p>Der K\u00e4ufer kann das unten angegebene Muster f\u00fcr den R\u00fccktritt vom Kaufverkauf verwenden.<\/p>\n<p>[ANGABEN DES VERK\u00c4UFERS]<br \/>\n\u2026\u2026\u2026\u2026\u2026\u2026\u2026\u2026\u2026\u2026\u2026.<br \/>\n\u2026\u2026\u2026\u2026\u2026\u2026\u2026\u2026\u2026\u2026\u2026.<br \/>\n\u2026\u2026\u2026\u2026\u2026\u2026\u2026\u2026\u2026\u2026\u2026.<br \/>\nHiermit erkl\u00e4re ich \u2026\u2026\u2026\u2026\u2026\u2026\u2026\u2026\u2026\u2026\u2026\u2026.den R\u00fccktritt vom Kaufvertrag, der die folgenden Waren betrifft: \u2026\u2026\u2026.\u2026\u2026\u2026\u2026\u2026\u2026\u2026\u2026\u2026\u2026\u2026\u2026\u2026\u2026\u2026\u2026\u2026\u2026\u2026\u2026\u2026\u2026\u2026\u2026\u2026\u2026\u2026\u2026\u2026\u2026\u2026\u2026\u2026\u2026\u2026\u2026\u2026\u2026\u2026\u2026., Bestellnummer\u2026\u2026\u2026\u2026\u2026\u2026\u2026\u2026\u2026\u2026\u2026\u2026\u2026\u2026\u2026 .<br \/>\nDatum des Vertragsabschlusses \u2026\u2026\u2026\u2026\u2026\u2026\u2026\u2026\u2026\u2026\u2026\u2026\u2026\u2026\u2026., Datum der Annahme der Waren \u2026\u2026\u2026\u2026\u2026\u2026\u2026\u2026\u2026\u2026\u2026\u2026\u2026\u2026\u2026\u2026\u2026\u2026.\u2026 .<br \/>\nName u. Nachname\u2026\u2026\u2026\u2026\u2026\u2026\u2026\u2026\u2026\u2026\u2026\u2026\u2026\u2026\u2026\u2026\u2026\u2026\u2026\u2026\u2026\u2026.<br \/>\nAdresse \u2026..\u2026\u2026\u2026\u2026\u2026\u2026\u2026\u2026.\u2026\u2026..\u2026\u2026\u2026\u2026\u2026\u2026\u2026\u2026\u2026\u2026\u2026\u2026\u2026\u2026.<br \/>\nDatum\u2026\u2026\u2026\u2026\u2026\u2026\u2026\u2026\u2026\u2026\u2026\u2026\u2026\u2026\u2026\u2026\u2026\u2026\u2026\u2026\u2026\u2026\u2026\u2026\u2026\u2026\u2026\u2026.<br \/>\n\u2026\u2026.\u2026\u2026\u2026\u2026\u2026\u2026\u2026\u2026\u2026\u2026\u2026\u2026\u2026\u2026\u2026\u2026\u2026\u2026\u2026\u2026\u2026\u2026\u2026\u2026\u2026\u2026<br \/>\nUnterschrift (Nur, wenn das Formular in Papierform verschickt wird)<\/p>\n<p><a name=\"complaints\"><\/a><br \/>\n15. <strong>Reklamation<\/strong>. Wenn der K\u00e4ufer nach Erhalt der Ware feststellt, dass die Ware Sachm\u00e4ngel aufweist, sollte er die Ware per Post an die folgende Adresse zur\u00fccksenden: Moowi.eu, ul. Wodna 30\/3, 30-719 Krak\u00f3w, Polen. Der K\u00e4ufer kann eine Reklamation im Zusammenhang mit dem abgeschlossenen Vertrag vorbringen, die dem Verk\u00e4ufer an die folgende E-Mail-Adresse info@moowi.eu oder in Schriftform an die Adresse des Verk\u00e4ufers zu senden ist. Ein vollst\u00e4ndiges Reklamationsschreiben sollte folgende Informationen erhalten:<\/p>\n<p>1. Name, Nachname, Adresse, E-Mail-Adresse des K\u00e4ufers<br \/>\n2. Datum des Abschlusses des Vertrags, der Grundlage f\u00fcr die Reklamation ist<br \/>\n3. Gegenstand der Reklamation mit Angabe der Forderung des K\u00e4ufers<br \/>\n4. Detaillierte Begr\u00fcndung zur Rechtfertigung der Reklamation<\/p>\n<p>Wenn die in der Reklamation angegebenen Angaben oder Informationen erg\u00e4nzt werden m\u00fcssen, wendet sich der Verk\u00e4ufer vor Pr\u00fcfung der Reklamation an die Person, die die Reklamation eingereicht hat, mit der Bitte, diese im dargelegten Umfang zu erg\u00e4nzen. Der Verk\u00e4ufer pr\u00fcft die Reklamation innerhalb von 14 Tagen ab dem Datum des Erhalts der vollst\u00e4ndig ausgef\u00fcllten Reklamation. Die Antwort auf die Reklamation wird an die vom K\u00e4ufer angegeben E-Mail-Adresse oder Postadresse geschickt.<\/p>\n<p>Der Verk\u00e4ufer nimmt keine Sendungen an, die per Nachnahme zur\u00fcckgeschickt werden. Der Verk\u00e4ufer erstattet die Kosten f\u00fcr den R\u00fcckversand der reklamierten Ware umgehend nach Erhalt der Sendung und Pr\u00fcfung der Reklamation. Der Ware, die zur\u00fcckgeschickt wird, ist die Rechnung oder Quittung beizulegen. Eine besch\u00e4digte Ware wird gegen eine neue Ware, gleichwertige Ware umgetauscht, und wenn dies nicht m\u00f6glich sein sollte (z.B. wenn die Ware nicht mehr verf\u00fcgbar ist) erstattet der Verk\u00e4ufer dem K\u00e4ufer den Betrag, den er f\u00fcr die Ware gezahlt hat, oder bietet ihm zur Auswahl andere im Shop verf\u00fcgbare Waren an.<\/p>\n","protected":false},"excerpt":{"rendered":"<p>1. Der Onlineshop Moowi.eu mit der Webadresse www.moowi.eu, der von der Firma PRS Group Andrzej Sowula mit Sitz in der ul. Wodna 30\/3,30-719 Krak\u00f3w, Polen betrieben wird, ist in das vom B\u00fcrgermeister der Stadt Krakau gef\u00fchrte Gewerberegister unter der Gewerbenummer: 913\/2004, Steueridentifikationsnummer (NIP): PL813-288-79-49 und REGON-Nummer: 691757972 eingetragen. 2. Der Shop Moowi.eu befasst sich mit [&hellip;]<\/p>\n","protected":false},"author":1,"featured_media":0,"parent":0,"menu_order":0,"comment_status":"closed","ping_status":"open","template":"","meta":{"footnotes":""},"class_list":["post-9","page","type-page","status-publish","hentry"],"_links":{"self":[{"href":"https:\/\/www.moowi.eu\/de\/wp-json\/wp\/v2\/pages\/9","targetHints":{"allow":["GET"]}}],"collection":[{"href":"https:\/\/www.moowi.eu\/de\/wp-json\/wp\/v2\/pages"}],"about":[{"href":"https:\/\/www.moowi.eu\/de\/wp-json\/wp\/v2\/types\/page"}],"author":[{"embeddable":true,"href":"https:\/\/www.moowi.eu\/de\/wp-json\/wp\/v2\/users\/1"}],"replies":[{"embeddable":true,"href":"https:\/\/www.moowi.eu\/de\/wp-json\/wp\/v2\/comments?post=9"}],"version-history":[{"count":4,"href":"https:\/\/www.moowi.eu\/de\/wp-json\/wp\/v2\/pages\/9\/revisions"}],"predecessor-version":[{"id":98,"href":"https:\/\/www.moowi.eu\/de\/wp-json\/wp\/v2\/pages\/9\/revisions\/98"}],"wp:attachment":[{"href":"https:\/\/www.moowi.eu\/de\/wp-json\/wp\/v2\/media?parent=9"}],"curies":[{"name":"wp","href":"https:\/\/api.w.org\/{rel}","templated":true}]}}