{"id":39,"date":"2017-08-10T10:52:44","date_gmt":"2017-08-10T08:52:44","guid":{"rendered":"http:\/\/www.moowi.eu\/de\/?post_type=product&#038;p=39"},"modified":"2024-12-05T12:14:31","modified_gmt":"2024-12-05T11:14:31","slug":"therapiematerial-logopadie-handpuppe-bar","status":"publish","type":"product","link":"https:\/\/www.moowi.eu\/de\/produkt\/therapiematerial-logopadie-handpuppe-bar\/","title":{"rendered":"Therapiematerial Logop\u00e4die \u2013 Handpuppe B\u00e4r"},"content":{"rendered":"","protected":false},"excerpt":{"rendered":"<p>Unser fr\u00f6hlicher und gefr\u00e4\u00dfiger B\u00e4r ist verr\u00fcckt nach Honig. Er schleckt mit der Zunge immer wieder um den Mund und l\u00e4dt alle Kinder zum Spielen ein. Heute steht auf dem Programm: Zungengymnastik beim Honiglecken!<\/p>\n<p>Unsere Handpuppen heben sich zudem durch ihr qualitativ hochwertiges Material und eine sorgf\u00e4ltige Ausf\u00fchrung des Mundes (Zunge und Z\u00e4hne) hervor, so dass die Puppen \u00e4sthetisch aussehen, funktional und strapazierf\u00e4hig sind.<\/p>\n","protected":false},"featured_media":212,"template":"","meta":[],"product_brand":[],"product_cat":[18],"product_tag":[],"class_list":{"0":"post-39","1":"product","2":"type-product","3":"status-publish","4":"has-post-thumbnail","6":"product_cat-therapiematerial-logopadie-handpuppen","8":"first","9":"outofstock","10":"taxable","11":"shipping-taxable","12":"purchasable","13":"product-type-simple"},"_links":{"self":[{"href":"https:\/\/www.moowi.eu\/de\/wp-json\/wp\/v2\/product\/39","targetHints":{"allow":["GET"]}}],"collection":[{"href":"https:\/\/www.moowi.eu\/de\/wp-json\/wp\/v2\/product"}],"about":[{"href":"https:\/\/www.moowi.eu\/de\/wp-json\/wp\/v2\/types\/product"}],"wp:featuredmedia":[{"embeddable":true,"href":"https:\/\/www.moowi.eu\/de\/wp-json\/wp\/v2\/media\/212"}],"wp:attachment":[{"href":"https:\/\/www.moowi.eu\/de\/wp-json\/wp\/v2\/media?parent=39"}],"wp:term":[{"taxonomy":"product_brand","embeddable":true,"href":"https:\/\/www.moowi.eu\/de\/wp-json\/wp\/v2\/product_brand?post=39"},{"taxonomy":"product_cat","embeddable":true,"href":"https:\/\/www.moowi.eu\/de\/wp-json\/wp\/v2\/product_cat?post=39"},{"taxonomy":"product_tag","embeddable":true,"href":"https:\/\/www.moowi.eu\/de\/wp-json\/wp\/v2\/product_tag?post=39"}],"curies":[{"name":"wp","href":"https:\/\/api.w.org\/{rel}","templated":true}]}}