{"id":44,"date":"2017-08-10T11:02:38","date_gmt":"2017-08-10T09:02:38","guid":{"rendered":"http:\/\/www.moowi.eu\/de\/?post_type=product&#038;p=44"},"modified":"2025-10-06T08:34:07","modified_gmt":"2025-10-06T06:34:07","slug":"therapiematerial-logopadie-handpuppe-giraffe","status":"publish","type":"product","link":"https:\/\/www.moowi.eu\/de\/produkt\/therapiematerial-logopadie-handpuppe-giraffe\/","title":{"rendered":"Therapiematerial Logop\u00e4die \u2013 Handpuppe Giraffe"},"content":{"rendered":"","protected":false},"excerpt":{"rendered":"<p>Laden Sie die Giraffe zu gemeinsamen logop\u00e4dischen \u00dcbungen ein, denn Sie hat nicht nur einen langen Hals, sondern auch eine laaaange Zunge. Die Giraffe demonstriert den Kindern gerne, wie sie die Zunge bewegen kann und zeigt, dass \u00dcbungen jede Menge Spa\u00df machen k\u00f6nnen.<\/p>\n<p>Unsere Handpuppen heben sich zudem durch ihr qualitativ hochwertiges Material und eine sorgf\u00e4ltige Ausf\u00fchrung des Mundes (Zunge und Z\u00e4hne) hervor, so dass die Puppen \u00e4sthetisch aussehen, funktional und strapazierf\u00e4hig sind.<\/p>\n","protected":false},"featured_media":221,"template":"","meta":[],"product_brand":[],"product_cat":[18],"product_tag":[],"class_list":{"0":"post-44","1":"product","2":"type-product","3":"status-publish","4":"has-post-thumbnail","6":"product_cat-therapiematerial-logopadie-handpuppen","8":"first","9":"outofstock","10":"taxable","11":"shipping-taxable","12":"purchasable","13":"product-type-simple"},"_links":{"self":[{"href":"https:\/\/www.moowi.eu\/de\/wp-json\/wp\/v2\/product\/44","targetHints":{"allow":["GET"]}}],"collection":[{"href":"https:\/\/www.moowi.eu\/de\/wp-json\/wp\/v2\/product"}],"about":[{"href":"https:\/\/www.moowi.eu\/de\/wp-json\/wp\/v2\/types\/product"}],"wp:featuredmedia":[{"embeddable":true,"href":"https:\/\/www.moowi.eu\/de\/wp-json\/wp\/v2\/media\/221"}],"wp:attachment":[{"href":"https:\/\/www.moowi.eu\/de\/wp-json\/wp\/v2\/media?parent=44"}],"wp:term":[{"taxonomy":"product_brand","embeddable":true,"href":"https:\/\/www.moowi.eu\/de\/wp-json\/wp\/v2\/product_brand?post=44"},{"taxonomy":"product_cat","embeddable":true,"href":"https:\/\/www.moowi.eu\/de\/wp-json\/wp\/v2\/product_cat?post=44"},{"taxonomy":"product_tag","embeddable":true,"href":"https:\/\/www.moowi.eu\/de\/wp-json\/wp\/v2\/product_tag?post=44"}],"curies":[{"name":"wp","href":"https:\/\/api.w.org\/{rel}","templated":true}]}}