{"id":49,"date":"2017-08-10T11:08:16","date_gmt":"2017-08-10T09:08:16","guid":{"rendered":"http:\/\/www.moowi.eu\/de\/?post_type=product&#038;p=49"},"modified":"2024-07-08T11:15:52","modified_gmt":"2024-07-08T09:15:52","slug":"therapiematerial-logopadie-handpuppe-moowi","status":"publish","type":"product","link":"https:\/\/www.moowi.eu\/de\/produkt\/therapiematerial-logopadie-handpuppe-moowi\/","title":{"rendered":"Therapiematerial Logop\u00e4die \u2013 Handpuppe Moowi"},"content":{"rendered":"","protected":false},"excerpt":{"rendered":"<p>Moowi ist ein idealer \u201eAssistent\u201d eines jeden Logop\u00e4den, der die \u00dcbungen interessanter macht. Ganz ungezwungen l\u00e4dt er zur Zusammenarbeit ein und regt die Fantasie der Kinder an. \u00dcbungen mit Moowik werden zu einem bunten und fr\u00f6hlichen Spiel.<\/p>\n<p>Unsere Handpuppen heben sich zudem durch ihr qualitativ hochwertiges Material und eine sorgf\u00e4ltige Ausf\u00fchrung des Mundes (Zunge und Z\u00e4hne) hervor, so dass die Puppen \u00e4sthetisch aussehen, funktional und strapazierf\u00e4hig sind.<\/p>\n","protected":false},"featured_media":215,"template":"","meta":[],"product_brand":[],"product_cat":[18],"product_tag":[],"class_list":{"0":"post-49","1":"product","2":"type-product","3":"status-publish","4":"has-post-thumbnail","6":"product_cat-therapiematerial-logopadie-handpuppen","8":"first","9":"instock","10":"taxable","11":"shipping-taxable","12":"purchasable","13":"product-type-simple"},"_links":{"self":[{"href":"https:\/\/www.moowi.eu\/de\/wp-json\/wp\/v2\/product\/49","targetHints":{"allow":["GET"]}}],"collection":[{"href":"https:\/\/www.moowi.eu\/de\/wp-json\/wp\/v2\/product"}],"about":[{"href":"https:\/\/www.moowi.eu\/de\/wp-json\/wp\/v2\/types\/product"}],"wp:featuredmedia":[{"embeddable":true,"href":"https:\/\/www.moowi.eu\/de\/wp-json\/wp\/v2\/media\/215"}],"wp:attachment":[{"href":"https:\/\/www.moowi.eu\/de\/wp-json\/wp\/v2\/media?parent=49"}],"wp:term":[{"taxonomy":"product_brand","embeddable":true,"href":"https:\/\/www.moowi.eu\/de\/wp-json\/wp\/v2\/product_brand?post=49"},{"taxonomy":"product_cat","embeddable":true,"href":"https:\/\/www.moowi.eu\/de\/wp-json\/wp\/v2\/product_cat?post=49"},{"taxonomy":"product_tag","embeddable":true,"href":"https:\/\/www.moowi.eu\/de\/wp-json\/wp\/v2\/product_tag?post=49"}],"curies":[{"name":"wp","href":"https:\/\/api.w.org\/{rel}","templated":true}]}}