{"id":59,"date":"2017-08-10T11:18:27","date_gmt":"2017-08-10T09:18:27","guid":{"rendered":"http:\/\/www.moowi.eu\/de\/?post_type=product&#038;p=59"},"modified":"2024-05-13T16:15:59","modified_gmt":"2024-05-13T14:15:59","slug":"therapiematerial-logopadie-handpuppe-dinosaurier","status":"publish","type":"product","link":"https:\/\/www.moowi.eu\/de\/produkt\/therapiematerial-logopadie-handpuppe-dinosaurier\/","title":{"rendered":"Therapiematerial Logop\u00e4die \u2013 Handpuppe Dinosaurier"},"content":{"rendered":"","protected":false},"excerpt":{"rendered":"<p>Gemeinsame logop\u00e4dische \u00dcbungen mit dem Dino? F\u00fcr alle Dinosaurier-Fans, zu denen sicherlich viele Kindergartenkinder geh\u00f6ren, ist das eine tolle Nachricht. Der Dino, so wie alle unsere Handpuppen, hat eine hervorragend durchtrainierte Zunge. Stellen Sie ihn Ihren Sch\u00fctzlingen vor und laden Sie sie zu gemeinsamen Spiele zur Sprachf\u00f6rderung ein.<\/p>\n<p>Unsere Handpuppen heben sich zudem durch ihr qualitativ hochwertiges Material und eine sorgf\u00e4ltige Ausf\u00fchrung des Mundes (Zunge und Z\u00e4hne) hervor, so dass die Puppen \u00e4sthetisch aussehen, funktional und strapazierf\u00e4hig sind.<\/p>\n","protected":false},"featured_media":206,"template":"","meta":[],"product_brand":[],"product_cat":[18],"product_tag":[],"class_list":{"0":"post-59","1":"product","2":"type-product","3":"status-publish","4":"has-post-thumbnail","6":"product_cat-therapiematerial-logopadie-handpuppen","8":"first","9":"instock","10":"taxable","11":"shipping-taxable","12":"purchasable","13":"product-type-simple"},"_links":{"self":[{"href":"https:\/\/www.moowi.eu\/de\/wp-json\/wp\/v2\/product\/59","targetHints":{"allow":["GET"]}}],"collection":[{"href":"https:\/\/www.moowi.eu\/de\/wp-json\/wp\/v2\/product"}],"about":[{"href":"https:\/\/www.moowi.eu\/de\/wp-json\/wp\/v2\/types\/product"}],"wp:featuredmedia":[{"embeddable":true,"href":"https:\/\/www.moowi.eu\/de\/wp-json\/wp\/v2\/media\/206"}],"wp:attachment":[{"href":"https:\/\/www.moowi.eu\/de\/wp-json\/wp\/v2\/media?parent=59"}],"wp:term":[{"taxonomy":"product_brand","embeddable":true,"href":"https:\/\/www.moowi.eu\/de\/wp-json\/wp\/v2\/product_brand?post=59"},{"taxonomy":"product_cat","embeddable":true,"href":"https:\/\/www.moowi.eu\/de\/wp-json\/wp\/v2\/product_cat?post=59"},{"taxonomy":"product_tag","embeddable":true,"href":"https:\/\/www.moowi.eu\/de\/wp-json\/wp\/v2\/product_tag?post=59"}],"curies":[{"name":"wp","href":"https:\/\/api.w.org\/{rel}","templated":true}]}}