{"id":64,"date":"2017-08-10T11:22:42","date_gmt":"2017-08-10T09:22:42","guid":{"rendered":"http:\/\/www.moowi.eu\/de\/?post_type=product&#038;p=64"},"modified":"2026-02-05T11:40:54","modified_gmt":"2026-02-05T10:40:54","slug":"therapiematerial-logopadie-handpuppe-hund","status":"publish","type":"product","link":"https:\/\/www.moowi.eu\/de\/produkt\/therapiematerial-logopadie-handpuppe-hund\/","title":{"rendered":"Therapiematerial Logop\u00e4die \u2013 Handpuppe Hund"},"content":{"rendered":"","protected":false},"excerpt":{"rendered":"<p>Wau, wau\u2026 Hunde spielen gerne und unser Hund mag am liebsten Zungengymnastik. Laden Sie Ihre Sch\u00fctzlinge zu gemeinsamen \u00dcbungen zusammen mit unserer Handpuppe ein.<\/p>\n<p>Unsere Handpuppen heben sich zudem durch ihr qualitativ hochwertiges Material und eine sorgf\u00e4ltige Ausf\u00fchrung des Mundes (Zunge und Z\u00e4hne) hervor, so dass die Puppen \u00e4sthetisch aussehen, funktional und strapazierf\u00e4hig sind.<\/p>\n","protected":false},"featured_media":218,"template":"","meta":[],"product_brand":[],"product_cat":[18],"product_tag":[],"class_list":{"0":"post-64","1":"product","2":"type-product","3":"status-publish","4":"has-post-thumbnail","6":"product_cat-therapiematerial-logopadie-handpuppen","8":"first","9":"outofstock","10":"taxable","11":"shipping-taxable","12":"purchasable","13":"product-type-simple"},"_links":{"self":[{"href":"https:\/\/www.moowi.eu\/de\/wp-json\/wp\/v2\/product\/64","targetHints":{"allow":["GET"]}}],"collection":[{"href":"https:\/\/www.moowi.eu\/de\/wp-json\/wp\/v2\/product"}],"about":[{"href":"https:\/\/www.moowi.eu\/de\/wp-json\/wp\/v2\/types\/product"}],"wp:featuredmedia":[{"embeddable":true,"href":"https:\/\/www.moowi.eu\/de\/wp-json\/wp\/v2\/media\/218"}],"wp:attachment":[{"href":"https:\/\/www.moowi.eu\/de\/wp-json\/wp\/v2\/media?parent=64"}],"wp:term":[{"taxonomy":"product_brand","embeddable":true,"href":"https:\/\/www.moowi.eu\/de\/wp-json\/wp\/v2\/product_brand?post=64"},{"taxonomy":"product_cat","embeddable":true,"href":"https:\/\/www.moowi.eu\/de\/wp-json\/wp\/v2\/product_cat?post=64"},{"taxonomy":"product_tag","embeddable":true,"href":"https:\/\/www.moowi.eu\/de\/wp-json\/wp\/v2\/product_tag?post=64"}],"curies":[{"name":"wp","href":"https:\/\/api.w.org\/{rel}","templated":true}]}}